{"id":322,"date":"2023-05-12T08:59:27","date_gmt":"2023-05-12T08:59:27","guid":{"rendered":"https:\/\/horitzontal.dms3labs.cat\/politica-de-cookies-2\/"},"modified":"2023-05-12T09:16:08","modified_gmt":"2023-05-12T09:16:08","slug":"politica-de-cookies-2","status":"publish","type":"page","link":"https:\/\/www.horitzontal-adm.com\/es\/politica-de-cookies-2\/","title":{"rendered":"Pol\u00edtica de cookies"},"content":{"rendered":"<p>[et_pb_section fb_built=\u00bb1&#8243; _builder_version=\u00bb4.20.4&#8243; _module_preset=\u00bbdefault\u00bb global_colors_info=\u00bb{}\u00bb][et_pb_row _builder_version=\u00bb4.20.4&#8243; _module_preset=\u00bbdefault\u00bb global_colors_info=\u00bb{}\u00bb][et_pb_column type=\u00bb4_4&#8243; _builder_version=\u00bb4.20.4&#8243; _module_preset=\u00bbdefault\u00bb global_colors_info=\u00bb{}\u00bb][et_pb_text _builder_version=\u00bb4.20.4&#8243; _module_preset=\u00bbdefault\u00bb hover_enabled=\u00bb0&#8243; global_colors_info=\u00bb{}\u00bb sticky_enabled=\u00bb0&#8243;]<\/p>\n<h1 class=\"entry-title main_title\">Pol\u00edtica de cookies<\/h1>\n<div class=\"entry-content\">\n<p>Este sitio web utiliza cookies propias y de terceros para ofrecerle una mejor experiencia y servicio. Al navegar o utilizar nuestros servicios el usuario acepta el uso que hacemos de las cookies. Sin embargo, el usuario tiene la opci\u00f3n de impedir la generaci\u00f3n de cookies y la eliminaci\u00f3n de las mismas mediante la selecci\u00f3n de la correspondiente.<\/p>\n<p><strong>\u00bfQu\u00e9 es una cookie?<\/strong><\/p>\n<p>Una cookie es un peque\u00f1o fragmento de texto que los sitios web env\u00edan al navegador y que se almacenan en el terminal del usuario, el cual puede ser un ordenador personal, un tel\u00e9fono m\u00f3vil, tableta, etc. Estos archivos permiten que el sitio web recuerde informaci\u00f3n sobre su visita, como el idioma y las opciones preferidas, lo cual puede facilitar su pr\u00f3xima visita y hacer que el lugar resulte m\u00e1s \u00fatil al personalizar su contenido. Las cookies ejercen un papel muy importante, al mejorar la experiencia de uso de la Web.<\/p>\n<p><strong>\u00bfQu\u00e9 NO es una cookie?<\/strong><\/p>\n<p>No es un virus, ni un troyano, ni un gusano, ni spam, ni spyware, ni obra ventanas pop-up.<\/p>\n<p><strong>\u00bfQu\u00e9 informaci\u00f3n almacena una cookie?<\/strong><\/p>\n<p>Las cookies no suelen almacenar informaci\u00f3n delicada sobre usted, como tarjetas de cr\u00e9dito o datos bancarios, fotograf\u00edas, su DNI o informaci\u00f3n personal, etc. Los datos que guardan son de car\u00e1cter t\u00e9cnico, preferencias personales, personalizaci\u00f3n de contenidos, etc.<\/p>\n<p>El servidor web no asocia a usted como persona sino a su navegador web. De hecho, si usted navega habitualmente con Internet Explorer, pruebe de navegar por la misma web con Firefox o Chrome y ver\u00e1 que el web no se da cuenta que es usted la misma persona porque en realidad est\u00e1 asociando al navegador, no a la persona.<\/p>\n<p><strong>Tipo de cookies<\/strong><\/p>\n<p>Seg\u00fan la entidad que las gestione, las cookies pueden ser:<\/p>\n<ul>\n<li><strong>Cookies propias<\/strong>: Son aquellas que se env\u00edan al equipo terminal del interesado desde un equipo o dominio gestionado por el mismo editor y desde el cual se presta el servicio solicitado por el usuario.<\/li>\n<\/ul>\n<ul>\n<li><strong>Cookies de terceros<\/strong>: Son aquellas que se env\u00edan al equipo terminal del usuario desde un equipo o dominio que no es gestionado por el editor, sino por otra entidad que trata los datos obtenidos trabara de las cookies.<\/li>\n<\/ul>\n<p>Seg\u00fan el plazo de tiempo que permanecen activadas:<\/p>\n<ul>\n<li><strong>Cookies de sesi\u00f3n<\/strong>: Son un tipo de cookies dise\u00f1adas para recaudar y almacenar datos mientras el usuario accede en una p\u00e1gina web. Se suelen emplear para almacenar informaci\u00f3n que solo interesa conservar para la prestaci\u00f3n del servicio solicitado por el usuario en una sola ocasi\u00f3n.<\/li>\n<\/ul>\n<ul>\n<li><strong>Cookies persistentes<\/strong>: Son un tipo de cookies en el cual los datos siguen almacenados en el terminal y pueden ser accedidos y tratados durante un periodo definido por el responsable de la *cookie, y que puede ir de unos minutos en varios a\u00f1os.<\/li>\n<\/ul>\n<p>Seg\u00fan la finalidad para la cual se traten los datos obtenidos a trav\u00e9s de las cookies, la web puede utilizar:<\/p>\n<ul>\n<li><strong>Cookies t\u00e9cnicas<\/strong>: Son aquellas que permiten al usuario la navegaci\u00f3n a trav\u00e9s de la p\u00e1gina web o aplicaci\u00f3n y la utilizaci\u00f3n de las diferentes opciones o servicios que en ella existen. Por ejemplo, controlar el tr\u00e1fico y la comunicaci\u00f3n de datos, identificar la sesi\u00f3n, acceder a las partes web de acceso restringido, recordar los elementos que integran un pedido, hacer la solicitud de inscripci\u00f3n o participaci\u00f3n en un acontecimiento, utilizar elementos de seguridad durante la navegaci\u00f3n y almacenar contenidos para la difusi\u00f3n de videos o sonido.<\/li>\n<\/ul>\n<ul>\n<li><strong>Cookies de personalizaci\u00f3n:<\/strong><span> <\/span>Son aquellas que permiten al usuario acceder al servicio con algunas caracter\u00edsticas de car\u00e1cter general predefinidas en su terminal o que el mismo usuario defina. Por ejemplo, el idioma, el tipo de navegador a trav\u00e9s del cual accede al servicio, el dise\u00f1o de contenidos seleccionado, geolocalizaci\u00f3n del terminal y la configuraci\u00f3n regional desde donde se accede al servicio.<\/li>\n<\/ul>\n<ul>\n<li><strong>Cookies publicitarias<\/strong>: Son aquellas que permiten la gesti\u00f3n eficaz de los espacios publicitarios que se han incluido en la p\u00e1gina web o aplicaci\u00f3n desde la cual se presta el servicio. Permiten adecuar el contenido de la publicidad porque esta sea relevante para el usuario y para evitar mostrar anuncios que el usuario ya haya visto.<\/li>\n<\/ul>\n<ul>\n<li><strong>Cookies de an\u00e1lisis de estad\u00edstica<\/strong>: Son aquellas que permiten realizar el seguimiento y an\u00e1lisis del comportamiento de los usuarios en los sitios web. La informaci\u00f3n recogida mediante este tipo de cookies se utiliza en la medici\u00f3n de la actividad de los sitios web, aplicaci\u00f3n o plataforma y para la elaboraci\u00f3n de perfiles de navegaci\u00f3n de los usuarios de estos lugares, con el fin de introducir mejoras en el servicio en funci\u00f3n de los datos de uso que hacen los usuarios.<\/li>\n<\/ul>\n<p>Las cookies utilizadas en este sitio web las puede ver en el panel de configuraci\u00f3n y ajustar su configuraci\u00f3n en cualquier momento.<\/p>\n<p><strong>\u00bfC\u00f3mo administrar cookies en el navegador?<\/strong><\/p>\n<p>El usuario tiene la opci\u00f3n de permitir, bloquear o eliminar las cookies instaladas en su equipo mediante la configuraci\u00f3n de las opciones del navegador instalado en su terminal:<\/p>\n<ul>\n<li><span>Firefox:<\/span> <a href=\"http:\/\/support.mozilla.org\/es\/kb\/habilitar-y-deshabilitar-cookies-que-los-sitios-we\" target=\"_blank\" rel=\"noreferrer noopener\">http:\/\/support.mozilla.org\/es\/kb\/habilitar-y-deshabilitar-cookies-que-los-sitios-we<\/a><\/li>\n<\/ul>\n<ul>\n<li><span>Chrome:<\/span> <a href=\"http:\/\/support.google.com\/chrome\/bin\/answer.py?hl=es&amp;answer=95647\" target=\"_blank\" rel=\"noreferrer noopener\">http:\/\/support.google.com\/chrome\/bin\/answer.py?hl=es&amp;answer=95647<\/a><\/li>\n<\/ul>\n<ul>\n<li><span>Internet Explorer:<\/span> <a href=\"https:\/\/support.microsoft.com\/es-es\/help\/278835\/how-to-delete-cookie-files-in-internet-explorer\" target=\"_blank\" rel=\"noreferrer noopener\">https:\/\/support.microsoft.com\/es-es\/help\/278835\/how-to-delete-cookie-files-in-internet-explorer<\/a><\/li>\n<\/ul>\n<ul>\n<li><span>Microsoft Edge:<\/span> <a href=\"https:\/\/support.microsoft.com\/es-es\/help\/4468242\/microsoft-edge-browsing-data-and-privacy-microsoft-privacy\" target=\"_blank\" rel=\"noreferrer noopener\">https:\/\/support.microsoft.com\/es-es\/help\/4468242\/microsoft-edge-browsing-data-and-privacy-microsoft-privacy<\/a><\/li>\n<\/ul>\n<ul>\n<li><span>Safari:<\/span> <a href=\"http:\/\/support.apple.com\/kb\/ph5042\" target=\"_blank\" rel=\"noreferrer noopener\">http:\/\/support.apple.com\/kb\/ph5042<\/a><\/li>\n<\/ul>\n<ul>\n<li><span>Opera:<\/span> <a href=\"http:\/\/help.opera.com\/Windows\/11.50\/es-ES\/cookies.html\" target=\"_blank\" rel=\"noreferrer noopener\">http:\/\/help.opera.com\/Windows\/11.50\/es-ES\/cookies.html<\/a><\/li>\n<\/ul>\n<p>En caso de bloquear el uso de cookies en su navegador es posible que algunos servicios o funcionalidades de la p\u00e1gina web no est\u00e9n disponibles.<\/p>\n<p>En algunos navegadores se pueden configurar reglas espec\u00edficas para administrar cookies por sitio web, lo cual ofrece un control m\u00e1s preciso sobre la privacidad. Esto significa que se puede inhabilitar cookies de todos los lugares excepto de aquellos en los cuales se conf\u00ede.<\/p>\n<p><strong>\u00bfQu\u00e9 pasa si desactivo las cookies?<\/strong><\/p>\n<p>Para que entienda el alcance que puede tener desactivar las cookies le mostramos unos ejemplos:<\/p>\n<p>\u2013 No podr\u00e1 compartir contenidos de esta web en Facebook, Twitter o cualquier red social.<br \/>\n\u2013 El sitio web no podr\u00e1 adaptar los contenidos a sus preferencias personales, como suele pasar en las tiendas en l\u00ednea.<br \/>\n\u2013 No podr\u00e1 acceder en el \u00e1rea personal de esta web, como por ejemplo Mi cuenta, Mi perfil o Mis pedidos.<br \/>\n\u2013 Tiendas online: Le ser\u00e1 imposible hacer compras en l\u00ednea, tendr\u00e1n que ser telef\u00f3nicas o visitando la tienda f\u00edsica si dispone de esta.<br \/>\n\u2013 Ser\u00e1 imposible personalizar sus preferencias geogr\u00e1ficas como franja horaria, divisa o idioma.<br \/>\n\u2013 El sitio web no podr\u00e1 realizar anal\u00edticas web sobre visitantes y tr\u00e1fico en la web, el que dificultar\u00e1 que el web sea competitiva.<br \/>\n\u2013 No podr\u00e1 escribir al bloque, no podr\u00e1 subir fotos, publicar comentarios, valorar o puntuar contenidos. El web tampoco podr\u00e1 saber si usted es un humano o una aplicaci\u00f3n automatizada que publica *spam.<br \/>\n\u2013 No se podr\u00e1 mostrar publicidad sectorizada, el que reducir\u00e1 los ingresos publicitarios de la web.<br \/>\n\u2013 Todas las redes sociales utilizan cookies, si las desactiva no podr\u00e1 utilizar ninguna red social.<\/p>\n<p><strong>\u00bfSe pueden eliminar las cookies?<\/strong><\/p>\n<p>S\u00ed. No solo eliminar, tambi\u00e9n bloquear, de forma general o particular por un dominio espec\u00edfico.<\/p>\n<p>Para eliminar las cookies de un sitio web tiene que ir a la configuraci\u00f3n de su navegador y all\u00ed podr\u00e1 buscar las asociadas en el dominio en cuesti\u00f3n y proceder a su eliminaci\u00f3n.<\/p>\n<p><strong>Configuraci\u00f3n de cookies por los navegadores m\u00e1s populares<\/strong><\/p>\n<p>A continuaci\u00f3n os explicamos c\u00f3mo acceder a una cookie determinada del navegador <strong>Chrome<\/strong>. Nota: estos pasos pueden variar en funci\u00f3n de la versi\u00f3n del navegador:<\/p>\n<p>1. Vaya a Configuraci\u00f3n o Preferencias mediante el men\u00fa Archivo o bien pulsando el icono de personalizaci\u00f3n que aparece arriba a la derecha.<br \/>\n2. Ver\u00e1 diferentes secciones, haz clic en la opci\u00f3n Mostrar opciones avanzadas.<br \/>\n3. Vaya a Privacidad, Configuraci\u00f3n de contenido.<br \/>\n4. Seleccione Todas las cookies y los datos de lugares.<br \/>\n5. Aparecer\u00e1 un listado con todas las cookies ordenadas por dominio. Porque le sea m\u00e1s f\u00e1cil encontrar las cookies de un determinado dominio introduzca parcial o totalmente la direcci\u00f3n en el campo Buscar cookies.<br \/>\n6. Despu\u00e9s de realizar este filtro aparecer\u00e1n en la pantalla una o varias l\u00edneas con las cookies de la web solicitada. Ahora solo tiene que seleccionarla y pulsar la X para proceder a su eliminaci\u00f3n.<\/p>\n<p>Para acceder a la configuraci\u00f3n de cookies del navegador <strong>Internet Explorer<\/strong> siga estos pasos (pueden variar en funci\u00f3n de la versi\u00f3n del navegador):<\/p>\n<p>1. Vaya a Herramientas, Opciones de Internet<br \/>\n2. Haga clic a Privacidad.<br \/>\n3. Mueva el deslizadero hasta ajustar el nivel de privacidad que quiera.<\/p>\n<p>Para acceder a la configuraci\u00f3n de cookies del navegador <strong>Firefox<\/strong> siga estos pasos (pueden variar en funci\u00f3n de la versi\u00f3n del navegador):<\/p>\n<p>1. Vaya a Opciones o Preferencias seg\u00fan su sistema operativo.<br \/>\n2. Haga clic a Privacidad.<br \/>\n3. En Historial escoja Utilizar una configuraci\u00f3n personalizada por el historial.<br \/>\n4. Ahora ver\u00e1 la opci\u00f3n Aceptar cookies, puede activarla o desactivarla seg\u00fan sus preferencias.<\/p>\n<p>Para acceder a la configuraci\u00f3n de cookies del navegador <strong>Safari<\/strong> para <strong>OSX<\/strong><span> <\/span>siga estos pasos (pueden variar en funci\u00f3n de la versi\u00f3n del navegador):<\/p>\n<p>1. Vaya a Preferencias, despu\u00e9s Privacidad.<br \/>\n2. Aqu\u00ed ver\u00e1 la opci\u00f3n Bloquear cookies para que ajuste el tipo de bloqueo que desee realizar.<\/p>\n<p>Para acceder a la configuraci\u00f3n de cookies del navegador <strong>Safari<\/strong> para <strong>iOS<\/strong> siga estos pasos (pueden variar en funci\u00f3n de la versi\u00f3n del navegador):<\/p>\n<p>1. Vaya a Ajustes, despu\u00e9s Safari.<br \/>\n2. Vaya a Privacidad y Seguridad, ver\u00e1 la opci\u00f3n Bloquear cookies para que ajuste el bloqueo que desea realizar.<\/p>\n<p>Para acceder a la configuraci\u00f3n de cookies del navegador por dispositivos <strong>Android<\/strong> siga estos pasos (pueden variar en funci\u00f3n de la versi\u00f3n del navegador):<\/p>\n<p>1. Ejecutar el navegador y pulsar la tecla Men\u00fa, despu\u00e9s Ajustes.<br \/>\n2. Ir a Seguridad y Privacidad, ver\u00e1 la opci\u00f3n Aceptar cookies para que active o desactive la casilla.<\/p>\n<p>Para acceder a la configuraci\u00f3n de cookies del navegador para dispositivos <strong>Windows Phone<\/strong> siga estos pasos (pueden variar en funci\u00f3n de la versi\u00f3n del navegador):<\/p>\n<p>1. Abre Internet Explorer, despu\u00e9s M\u00e1s y Configuraci\u00f3n.<br \/>\n2. Ahora puede activar o desactivar la casilla Permitir cookies.<\/p>\n<\/div>\n<p>[\/et_pb_text][\/et_pb_column][\/et_pb_row][\/et_pb_section]<\/p>\n","protected":false},"excerpt":{"rendered":"<p>Pol\u00edtica de cookies Este sitio web utiliza cookies propias y de terceros para ofrecerle una mejor experiencia y servicio. Al navegar o utilizar nuestros servicios el usuario acepta el uso que hacemos de las cookies. Sin embargo, el usuario tiene la opci\u00f3n de impedir la generaci\u00f3n de cookies y la eliminaci\u00f3n de las mismas mediante [&hellip;]<\/p>\n","protected":false},"author":1,"featured_media":0,"parent":0,"menu_order":0,"comment_status":"closed","ping_status":"closed","template":"","meta":{"_et_pb_use_builder":"on","_et_pb_old_content":"","_et_gb_content_width":"","footnotes":""},"dipi_cpt_category":[],"_links":{"self":[{"href":"https:\/\/www.horitzontal-adm.com\/es\/wp-json\/wp\/v2\/pages\/322"}],"collection":[{"href":"https:\/\/www.horitzontal-adm.com\/es\/wp-json\/wp\/v2\/pages"}],"about":[{"href":"https:\/\/www.horitzontal-adm.com\/es\/wp-json\/wp\/v2\/types\/page"}],"author":[{"embeddable":true,"href":"https:\/\/www.horitzontal-adm.com\/es\/wp-json\/wp\/v2\/users\/1"}],"replies":[{"embeddable":true,"href":"https:\/\/www.horitzontal-adm.com\/es\/wp-json\/wp\/v2\/comments?post=322"}],"version-history":[{"count":2,"href":"https:\/\/www.horitzontal-adm.com\/es\/wp-json\/wp\/v2\/pages\/322\/revisions"}],"predecessor-version":[{"id":324,"href":"https:\/\/www.horitzontal-adm.com\/es\/wp-json\/wp\/v2\/pages\/322\/revisions\/324"}],"wp:attachment":[{"href":"https:\/\/www.horitzontal-adm.com\/es\/wp-json\/wp\/v2\/media?parent=322"}],"wp:term":[{"taxonomy":"dipi_cpt_category","embeddable":true,"href":"https:\/\/www.horitzontal-adm.com\/es\/wp-json\/wp\/v2\/dipi_cpt_category?post=322"}],"curies":[{"name":"wp","href":"https:\/\/api.w.org\/{rel}","templated":true}]}}