{"id":234,"date":"2023-05-09T11:05:23","date_gmt":"2023-05-09T11:05:23","guid":{"rendered":"https:\/\/horitzontal.dms3labs.cat\/politica-de-cookies\/"},"modified":"2023-05-12T08:56:23","modified_gmt":"2023-05-12T08:56:23","slug":"politica-de-cookies","status":"publish","type":"page","link":"https:\/\/www.horitzontal-adm.com\/es\/politica-de-cookies\/","title":{"rendered":"Pol\u00edtica de cookies"},"content":{"rendered":"<p>[et_pb_section fb_built=\u00bb1&#8243; theme_builder_area=\u00bbpost_content\u00bb _builder_version=\u00bb4.20.4&#8243; _module_preset=\u00bbdefault\u00bb][et_pb_row _builder_version=\u00bb4.20.4&#8243; _module_preset=\u00bbdefault\u00bb theme_builder_area=\u00bbpost_content\u00bb][et_pb_column _builder_version=\u00bb4.20.4&#8243; _module_preset=\u00bbdefault\u00bb type=\u00bb4_4&#8243; theme_builder_area=\u00bbpost_content\u00bb][et_pb_text _builder_version=\u00bb4.20.4&#8243; _module_preset=\u00bbdefault\u00bb theme_builder_area=\u00bbpost_content\u00bb hover_enabled=\u00bb0&#8243; sticky_enabled=\u00bb0&#8243;]<\/p>\n<h1 class=\"entry-title main_title\">Pol\u00edtica de cookies<\/h1>\n<div class=\"entry-content\">\n<p>Aquest lloc web utilitza cookies pr\u00f2pies i de tercers per a oferir-li una millor experi\u00e8ncia i servei. En navegar o utilitzar els nostres serveis l\u2019usuari accepta l\u2019\u00fas que fem de les cookies. No obstant aix\u00f2, l\u2019usuari t\u00e9 l\u2019opci\u00f3 d\u2019impedir la generaci\u00f3 de cookies i l\u2019eliminaci\u00f3 de les mateixes mitjan\u00e7ant la selecci\u00f3 de la corresponent.<\/p>\n<p><strong>Qu\u00e8 \u00e9s una cookie?<\/strong><\/p>\n<p>Una cookie \u00e9s un petit fragment de text que els llocs web envien al navegador i que s\u2019emmagatzemen en el terminal de l\u2019usuari, el qual pot ser un ordinador personal, un tel\u00e8fon m\u00f2bil, tauleta, etc. Aquests arxius permeten que el lloc web recordi informaci\u00f3 sobre la seva visita, com l\u2019idioma i les opcions preferides, la qual cosa pot facilitar la seva pr\u00f2xima visita i fer que el lloc resulti m\u00e9s \u00fatil en personalitzar el seu contingut. Les cookies exerceixen un paper molt important, en millorar l\u2019experi\u00e8ncia d\u2019\u00fas de la Web.<\/p>\n<p><strong>Qu\u00e8 NO \u00e9s una cookie?<\/strong><\/p>\n<p>No \u00e9s un virus, ni un troi\u00e0, ni un cuc, ni spam, ni spyware, ni obra finestres pop-up.<\/p>\n<p><strong>Quina informaci\u00f3 emmagatzema una cookie?<\/strong><\/p>\n<p>Les cookies no solen emmagatzemar informaci\u00f3 delicada sobre vost\u00e8, com targetes de cr\u00e8dit o dades banc\u00e0ries, fotografies, el seu DNI o informaci\u00f3 personal, etc. Les dades que guarden s\u00f3n de car\u00e0cter t\u00e8cnic, prefer\u00e8ncies personals, personalitzaci\u00f3 de continguts, etc.<\/p>\n<p>El servidor web no associa a vost\u00e8 com a persona sin\u00f3 al seu navegador web. De fet, si vost\u00e8 navega habitualment amb Internet Explorer, provi de navegar per la mateixa web amb Firefox o Chrome i veur\u00e0 que el web no s\u2019adona que \u00e9s vost\u00e8 la mateixa persona perqu\u00e8 en realitat est\u00e0 associant al navegador, no a la persona.<\/p>\n<p><strong>Tipus de cookies<\/strong><\/p>\n<p>Segons l\u2019entitat que les gestioni, les cookies poden ser:<\/p>\n<ul>\n<li><strong>Cookies pr\u00f2pies<\/strong>: S\u00f3n aquelles que s\u2019envien a l\u2019equip terminal de l\u2019interessat des d\u2019un equip o domini gestionat pel mateix editor i des del qual es presta el servei sol\u00b7licitat per l\u2019usuari.<\/li>\n<\/ul>\n<ul>\n<li><strong>Cookies de tercers<\/strong>: S\u00f3n aquelles que s\u2019envien a l\u2019equip terminal de l\u2019usuari des d\u2019un equip o domini que no \u00e9s gestionat per l\u2019editor, sin\u00f3 per una altra entitat que tracta les dades obtingudes trav\u00e9s de les cookies.<\/li>\n<\/ul>\n<p>Segons el termini de temps que romanen activades:<\/p>\n<ul>\n<li><strong>Cookies de sessi\u00f3<\/strong>: S\u00f3n un tipus de cookies dissenyades per a recaptar i emmagatzemar dades mentre l\u2019usuari accedeix a una p\u00e0gina web. Se solen emprar per a emmagatzemar informaci\u00f3 que nom\u00e9s interessa conservar per a la prestaci\u00f3 del servei sol\u00b7licitat per l\u2019usuari en una sola ocasi\u00f3.<\/li>\n<\/ul>\n<ul>\n<li><strong>Cookies persistents<\/strong>: S\u00f3n un tipus de cookies en el qual les dades segueixen emmagatzemats en el terminal i poden ser accedits i tractats durant un per\u00edode definit pel responsable de la cookie, i que pot anar d\u2019uns minuts a diversos anys.<\/li>\n<\/ul>\n<p>Segons la finalitat per a la qual es tractin les dades obtingudes a trav\u00e9s de les cookies, la web pot utilitzar:<\/p>\n<ul>\n<li><strong>Cookies t\u00e8cniques<\/strong>: S\u00f3n aquelles que permeten a l\u2019usuari la navegaci\u00f3 a trav\u00e9s de la p\u00e0gina web o aplicaci\u00f3 i la utilitzaci\u00f3 de les diferents opcions o serveis que en ella existeixen. Per exemple, controlar el tr\u00e0nsit i la comunicaci\u00f3 de dades, identificar la sessi\u00f3, accedir a les parts web d\u2019acc\u00e9s restringit, recordar els elements que integren una comanda, fer la sol\u00b7licitud d\u2019inscripci\u00f3 o participaci\u00f3 en un esdeveniment, utilitzar elements de seguretat durant la navegaci\u00f3 i emmagatzemar continguts per a la difusi\u00f3 de v\u00eddeos o so.<\/li>\n<\/ul>\n<ul>\n<li><strong>Cookies de personalitzaci\u00f3:<\/strong><span>\u00a0<\/span>S\u00f3n aquelles que permeten a l\u2019usuari accedir al servei amb algunes caracter\u00edstiques de car\u00e0cter general predefinides en la seva terminal o que el mateix usuari defineixi. Per exemple, l\u2019idioma, el tipus de navegador a trav\u00e9s del qual accedeix al servei, el disseny de continguts seleccionat, geolocalitzaci\u00f3 del terminal i la configuraci\u00f3 regional des d\u2019on s\u2019accedeix al servei.<\/li>\n<\/ul>\n<ul>\n<li><strong>Cookies publicit\u00e0ries<\/strong>: S\u00f3n aquelles que permeten la gesti\u00f3 efica\u00e7 dels espais publicitaris que s\u2019han incl\u00f2s en la p\u00e0gina web o aplicaci\u00f3 des de la qual es presta el servei. Permeten adequar el contingut de la publicitat perqu\u00e8 aquesta sigui rellevant per a l\u2019usuari i per a evitar mostrar anuncis que l\u2019usuari ja hagi vist.<\/li>\n<\/ul>\n<ul>\n<li><strong>Cookies d\u2019an\u00e0lisi estad\u00edstica<\/strong>: S\u00f3n aquelles que permeten realitzar el seguiment i an\u00e0lisi del comportament dels usuaris en els llocs web. La informaci\u00f3 recollida mitjan\u00e7ant aquesta mena de cookies s\u2019utilitza en el mesurament de l\u2019activitat dels llocs web, aplicaci\u00f3 o plataforma i per a l\u2019elaboraci\u00f3 de perfils de navegaci\u00f3 dels usuaris d\u2019aquests llocs, amb la finalitat d\u2019introduir millores en el servei en funci\u00f3 de les dades d\u2019\u00fas que fan els usuaris.<\/li>\n<\/ul>\n<p>Les cookies utilitzades en aquest lloc web les pot veure al panell de configuraci\u00f3 i ajustar la seva configuraci\u00f3 en qualsevol moment.<\/p>\n<p><strong>Com administrar cookies en el navegador?<\/strong><\/p>\n<p>L\u2019usuari t\u00e9 l\u2019opci\u00f3 de permetre, bloquejar o eliminar les cookies instal\u00b7lades en el seu equip mitjan\u00e7ant la configuraci\u00f3 de les opcions del navegador instal\u00b7lat en la seva terminal:<\/p>\n<ul>\n<li>Firefox:<span>\u00a0<\/span><a href=\"http:\/\/support.mozilla.org\/es\/kb\/habilitar-y-deshabilitar-cookies-que-los-sitios-we\" target=\"_blank\" rel=\"noreferrer noopener\">http:\/\/support.mozilla.org\/es\/kb\/habilitar-y-deshabilitar-cookies-que-los-sitios-we<\/a><\/li>\n<\/ul>\n<ul>\n<li>Chrome:<span>\u00a0<\/span><a href=\"http:\/\/support.google.com\/chrome\/bin\/answer.py?hl=es&amp;answer=95647\" target=\"_blank\" rel=\"noreferrer noopener\">http:\/\/support.google.com\/chrome\/bin\/answer.py?hl=es&amp;answer=95647<\/a><\/li>\n<\/ul>\n<ul>\n<li>Internet Explorer:<span>\u00a0<\/span><a href=\"https:\/\/support.microsoft.com\/es-es\/help\/278835\/how-to-delete-cookie-files-in-internet-explorer\" target=\"_blank\" rel=\"noreferrer noopener\">https:\/\/support.microsoft.com\/es-es\/help\/278835\/how-to-delete-cookie-files-in-internet-explorer<\/a><\/li>\n<\/ul>\n<ul>\n<li>Microsoft Edge:<span>\u00a0<\/span><a href=\"https:\/\/support.microsoft.com\/es-es\/help\/4468242\/microsoft-edge-browsing-data-and-privacy-microsoft-privacy\" target=\"_blank\" rel=\"noreferrer noopener\">https:\/\/support.microsoft.com\/es-es\/help\/4468242\/microsoft-edge-browsing-data-and-privacy-microsoft-privacy<\/a><\/li>\n<\/ul>\n<ul>\n<li>Safari:<span>\u00a0<\/span><a href=\"http:\/\/support.apple.com\/kb\/ph5042\" target=\"_blank\" rel=\"noreferrer noopener\">http:\/\/support.apple.com\/kb\/ph5042<\/a><\/li>\n<\/ul>\n<ul>\n<li>Opera:<span>\u00a0<\/span><a href=\"http:\/\/help.opera.com\/Windows\/11.50\/es-ES\/cookies.html\" target=\"_blank\" rel=\"noreferrer noopener\">http:\/\/help.opera.com\/Windows\/11.50\/es-ES\/cookies.html<\/a><\/li>\n<\/ul>\n<p>En cas de bloquejar l\u2019\u00fas de cookies en el seu navegador \u00e9s possible que alguns serveis o funcionalitats de la p\u00e0gina web no estiguin disponibles.<\/p>\n<p>En alguns navegadors es poden configurar regles espec\u00edfiques per a administrar cookies per lloc web, la qual cosa ofereix un control m\u00e9s prec\u00eds sobre la privacitat. Aix\u00f2 significa que es pot inhabilitar cookies de tots els llocs excepte d\u2019aquells en els quals es confi\u00ef.<\/p>\n<p><strong>Qu\u00e8 passa si desactivo les cookies?<\/strong><\/p>\n<p>Perqu\u00e8 entengui l\u2019abast que pot tenir desactivar les cookies li mostrem uns exemples:<\/p>\n<p>\u2013 No podr\u00e0 compartir continguts d\u2019aquesta web a Facebook, Twitter o qualsevol xarxa social.<br \/>\u2013 El lloc web no podr\u00e0 adaptar els continguts a les seves prefer\u00e8ncies personals, com sol passar en les botigues online.<br \/>\u2013 No podr\u00e0 accedir a l\u2019\u00e0rea personal d\u2019aquesta web, com per exemple El meu compte, El meu perfil o Les meves comandes.<br \/>\u2013 Botigues online: Li ser\u00e0 impossible fer compres en l\u00ednia, hauran de ser telef\u00f2niques o visitant la botiga f\u00edsica si disposa d\u2019aquesta.<br \/>\u2013 Ser\u00e0 impossible personalitzar les seves prefer\u00e8ncies geogr\u00e0fiques com a franja hor\u00e0ria, divisa o idioma.<br \/>\u2013 El lloc web no podr\u00e0 realitzar anal\u00edtiques web sobre visitants i tr\u00e0nsit a la web, el que dificultar\u00e0 que el web sigui competitiva.<br \/>\u2013 No podr\u00e0 escriure al bloc, no podr\u00e0 pujar fotos, publicar comentaris, valorar o puntuar continguts. El web tampoc podr\u00e0 saber si vost\u00e8 \u00e9s un hum\u00e0 o una aplicaci\u00f3 automatitzada que publica spam.<br \/>\u2013 No es podr\u00e0 mostrar publicitat sectoritzada, el que reduir\u00e0 els ingressos publicitaris de la web.<br \/>\u2013 Totes les xarxes socials utilitzen cookies, si les desactiva no podr\u00e0 utilitzar cap xarxa social.<\/p>\n<p><strong>Es poden eliminar les cookies?<\/strong><\/p>\n<p>S\u00ed. No nom\u00e9s eliminar, tamb\u00e9 bloquejar, de forma general o particular per un domini espec\u00edfic.<\/p>\n<p>Per eliminar les cookies d\u2019un lloc web ha d\u2019anar a la configuraci\u00f3 del seu navegador i all\u00ed podr\u00e0 buscar les associades al domini en q\u00fcesti\u00f3 i procedir a la seva eliminaci\u00f3.<\/p>\n<p><strong>Configuraci\u00f3 de cookies pels navegadors m\u00e9s populars<\/strong><\/p>\n<p>A continuaci\u00f3 us expliquem com accedir a una cookie determinada del navegador<span>\u00a0<\/span><strong>Chrome<\/strong>. Nota: aquests passos poden variar en funci\u00f3 de la versi\u00f3 del navegador:<\/p>\n<p>1. Vagi a Configuraci\u00f3 o Prefer\u00e8ncies mitjan\u00e7ant el men\u00fa Arxiu o b\u00e9 prement la icona de personalitzaci\u00f3 que apareix a dalt a la dreta.<br \/>2. Veur\u00e0 diferents seccions, premi l\u2019opci\u00f3 Mostrar opcions avan\u00e7ades.<br \/>3. Vagi a Privacitat, Configuraci\u00f3 de contingut.<br \/>4. Seleccioni Totes les cookies i les dades de llocs.<br \/>5. Apareixer\u00e0 un llistat amb totes les cookies ordenades per domini. Perqu\u00e8 li sigui m\u00e9s f\u00e0cil trobar les cookies d\u2019un determinat domini introdueixi parcial o totalment la direcci\u00f3 en el camp Cercar cookies.<br \/>6. Despr\u00e9s de realitzar aquest filtre apareixeran a la pantalla una o diverses l\u00ednies amb les cookies de la web sol\u00b7licitada. Ara nom\u00e9s ha de seleccionar-la i pr\u00e9mer la X per procedir a la seva eliminaci\u00f3.<\/p>\n<p>Per accedir a la configuraci\u00f3 de cookies del navegador<span>\u00a0<\/span><strong>Internet Explorer<\/strong><span>\u00a0<\/span>segueixi aquests passos (poden variar en funci\u00f3 de la versi\u00f3 del navegador):<\/p>\n<p>1. Vagi a Eines, Opcions d\u2019Internet<br \/>2. Faci clic a Privacitat.<br \/>3. Mogui el lliscador fins a ajustar el nivell de privacitat que vulgui.<\/p>\n<p>Per accedir a la configuraci\u00f3 de cookies del navegador<span>\u00a0<\/span><strong>Firefox<\/strong><span>\u00a0<\/span>segueixi aquests passos (poden variar en funci\u00f3 de la versi\u00f3 del navegador):<\/p>\n<p>1. Vagi a Opcions o Prefer\u00e8ncies segons el seu sistema operatiu.<br \/>2. Faci clic a Privacitat.<br \/>3. A Historial esculli Utilitzar una configuraci\u00f3 personalitzada per l\u2019historial.<br \/>4. Ara veur\u00e0 l\u2019opci\u00f3 Acceptar cookies, pot activar-la o desactivar-la segons les seves prefer\u00e8ncies.<\/p>\n<p>Per accedir a la configuraci\u00f3 de cookies del navegador<span>\u00a0<\/span><strong>Safari<\/strong><span>\u00a0<\/span>per<span>\u00a0<\/span><strong>OSX<\/strong><span>\u00a0<\/span>segueixi aquests passos (poden variar en funci\u00f3 de la versi\u00f3 del navegador):<\/p>\n<p>1. Vagi a Prefer\u00e8ncies, despr\u00e9s Privacitat.<br \/>2. Aqu\u00ed veur\u00e0 l\u2019opci\u00f3 Bloquejar cookies perqu\u00e8 ajusti el tipus de bloqueig que desitgi realitzar.<\/p>\n<p>Per accedir a la configuraci\u00f3 de cookies del navegador<span>\u00a0<\/span><strong>Safari<\/strong><span>\u00a0<\/span>per<span>\u00a0<\/span><strong>iOS<\/strong><span>\u00a0<\/span>segueixi aquests passos (poden variar en funci\u00f3 de la versi\u00f3 del navegador):<\/p>\n<p>1. Vagi a Ajustaments, despr\u00e9s Safari.<br \/>2. Vagi a Privacitat i Seguretat, veur\u00e0 l\u2019opci\u00f3 Bloquejar cookies perqu\u00e8 ajusti el bloqueig que desitja realitzar.<\/p>\n<p>Per accedir a la configuraci\u00f3 de cookies del navegador per dispositius<span>\u00a0<\/span><strong>Android<\/strong><span>\u00a0<\/span>segueixi aquests passos (poden variar en funci\u00f3 de la versi\u00f3 del navegador):<\/p>\n<p>1. Executeu el navegador i premeu la tecla Men\u00fa, despr\u00e9s Ajustaments.<br \/>2. Aneu a Seguretat i Privacitat, veur\u00e0 l\u2019opci\u00f3 Acceptar cookies perqu\u00e8 activi o desactivi la casella.<\/p>\n<p>Per accedir a la configuraci\u00f3 de cookies del navegador per dispositius<span>\u00a0<\/span><strong>Windows Phone<\/strong><span>\u00a0<\/span>segueixi aquests passos (poden variar en funci\u00f3 de la versi\u00f3 del navegador):<\/p>\n<p>1. Obri Internet Explorer, despr\u00e9s M\u00e9s i Configuraci\u00f3.<br \/>2. Ara pot activar o desactivar la casella Permetre cookies.<\/p>\n<\/div>\n<p>[\/et_pb_text][\/et_pb_column][\/et_pb_row][\/et_pb_section]<\/p>\n","protected":false},"excerpt":{"rendered":"<p>Pol\u00edtica de cookies Aquest lloc web utilitza cookies pr\u00f2pies i de tercers per a oferir-li una millor experi\u00e8ncia i servei. En navegar o utilitzar els nostres serveis l\u2019usuari accepta l\u2019\u00fas que fem de les cookies. No obstant aix\u00f2, l\u2019usuari t\u00e9 l\u2019opci\u00f3 d\u2019impedir la generaci\u00f3 de cookies i l\u2019eliminaci\u00f3 de les mateixes mitjan\u00e7ant la selecci\u00f3 de [&hellip;]<\/p>\n","protected":false},"author":1,"featured_media":0,"parent":0,"menu_order":0,"comment_status":"closed","ping_status":"closed","template":"","meta":{"_et_pb_use_builder":"on","_et_pb_old_content":"","_et_gb_content_width":"","footnotes":""},"dipi_cpt_category":[],"_links":{"self":[{"href":"https:\/\/www.horitzontal-adm.com\/es\/wp-json\/wp\/v2\/pages\/234"}],"collection":[{"href":"https:\/\/www.horitzontal-adm.com\/es\/wp-json\/wp\/v2\/pages"}],"about":[{"href":"https:\/\/www.horitzontal-adm.com\/es\/wp-json\/wp\/v2\/types\/page"}],"author":[{"embeddable":true,"href":"https:\/\/www.horitzontal-adm.com\/es\/wp-json\/wp\/v2\/users\/1"}],"replies":[{"embeddable":true,"href":"https:\/\/www.horitzontal-adm.com\/es\/wp-json\/wp\/v2\/comments?post=234"}],"version-history":[{"count":10,"href":"https:\/\/www.horitzontal-adm.com\/es\/wp-json\/wp\/v2\/pages\/234\/revisions"}],"predecessor-version":[{"id":305,"href":"https:\/\/www.horitzontal-adm.com\/es\/wp-json\/wp\/v2\/pages\/234\/revisions\/305"}],"wp:attachment":[{"href":"https:\/\/www.horitzontal-adm.com\/es\/wp-json\/wp\/v2\/media?parent=234"}],"wp:term":[{"taxonomy":"dipi_cpt_category","embeddable":true,"href":"https:\/\/www.horitzontal-adm.com\/es\/wp-json\/wp\/v2\/dipi_cpt_category?post=234"}],"curies":[{"name":"wp","href":"https:\/\/api.w.org\/{rel}","templated":true}]}}