{"id":228,"date":"2023-05-09T11:08:02","date_gmt":"2023-05-09T11:08:02","guid":{"rendered":"https:\/\/horitzontal.dms3labs.cat\/aviso-legal\/"},"modified":"2023-05-12T08:31:37","modified_gmt":"2023-05-12T08:31:37","slug":"aviso-legal","status":"publish","type":"page","link":"https:\/\/www.horitzontal-adm.com\/es\/aviso-legal\/","title":{"rendered":"Aviso Legal"},"content":{"rendered":"<p>[et_pb_section][et_pb_row][et_pb_column type=\u00bb4_4&#8243;][et_pb_text]<!-- divi:heading {\"translatedWithWPMLTM\":\"1\"} --><\/p>\n<h2 class=\"wp-block-heading\">Aviso Legal<\/h2>\n<p><!-- \/divi:heading --><!-- divi:paragraph {\"translatedWithWPMLTM\":\"1\"} --><\/p>\n<p><strong>Identificaci\u00f3n<\/strong><\/p>\n<p><!-- \/divi:paragraph --><!-- divi:paragraph {\"translatedWithWPMLTM\":\"1\"} --><\/p>\n<p>En cumplimiento con el deber de informaci\u00f3n recogido en art\u00edculo 10 de la Ley 34\/2002, de 11 de julio, de Servicios de la Sociedad de la Informaci\u00f3n y del Comercio Electr\u00f3nico, Horitzontal Administracions S.L., le informa que los datos aqu\u00ed consignados corresponden a la entidad titular de este sitio web.<\/p>\n<p><!-- \/divi:paragraph --><!-- divi:paragraph {\"translatedWithWPMLTM\":\"1\"} --><\/p>\n<p><strong>Denominaci\u00f3n<\/strong>: Horitzontal Administracions S.L.<br \/><strong>Domicilio<\/strong>: Calle Nou, 60, local 1, 43700 El Vendrell, Tarragona<br \/><strong>Tel\u00e9fono<\/strong>: <a href=\"tel:977154896\" target=\"_blank\" data-type=\"tel\" data-id=\"tel:977154896\" rel=\"noreferrer noopener\">977 15 48 96<\/a><br \/><strong>Email<\/strong>: <a href=\"mailto:adm@horitzontal-adm.com\" target=\"_blank\" rel=\"noreferrer noopener\">adm@horitzontal-adm.com<\/a><br \/><strong>CIF:<\/strong> B43827575<br \/><strong>Inscripci\u00f3n registral:<\/strong> Registro Mercantil de Tarragona, tomo 2133, folio 157, hoja T-32277 insc 1\u00aa<\/p>\n<p><!-- \/divi:paragraph --><!-- divi:paragraph {\"translatedWithWPMLTM\":\"1\"} --><\/p>\n<p><strong>Propiedad intelectual e industrial<\/strong><\/p>\n<p><!-- \/divi:paragraph --><!-- divi:paragraph {\"translatedWithWPMLTM\":\"1\"} --><\/p>\n<p>Todos los derechos de Propiedad Industrial e Intelectual de la totalidad de elementos contenidos en este sitio web, incluidas las marcas comerciales, formatos, dise\u00f1os gr\u00e1ficos, textos, im\u00e1genes y documentos, pertenecen a Horitzontal Administracions S.L. y se encuentran protegidos por las leyes espa\u00f1olas e internacionales sobre propiedad Intelectual e Industrial. Queda expresamente prohibida la reproducci\u00f3n total o parcial de este sitio Web y de cualquiera de sus contenidos sin el permiso expreso y por escrito de Horitzontal Administracions S.L.<\/p>\n<p><!-- \/divi:paragraph --><!-- divi:paragraph {\"translatedWithWPMLTM\":\"1\"} --><\/p>\n<p>El acceso al sitio web no implica ning\u00fan tipo de renuncia, transmisi\u00f3n, licencia o cesi\u00f3n de dichos derechos por parte de Horitzontal Administracions S.L., salvo que se establezca expresamente lo contrario.<\/p>\n<p><!-- \/divi:paragraph --><!-- divi:paragraph {\"translatedWithWPMLTM\":\"1\"} --><\/p>\n<p><strong>Condiciones de uso<\/strong><\/p>\n<p><!-- \/divi:paragraph --><!-- divi:paragraph {\"translatedWithWPMLTM\":\"1\"} --><\/p>\n<p>El acceso a este sitio Web implica la aceptaci\u00f3n de estas condiciones de uso sin reservas que regulan el acceso y la utilizaci\u00f3n del mismo con el fin de poner a disposici\u00f3n de los usuarios informaci\u00f3n sobre nuestros productos.<\/p>\n<p><!-- \/divi:paragraph --><!-- divi:paragraph {\"translatedWithWPMLTM\":\"1\"} --><\/p>\n<p>Se proh\u00edbe expresamente la utilizaci\u00f3n de los contenidos de este sitio Web para su utilizaci\u00f3n con fines comerciales o para su distribuci\u00f3n, transformaci\u00f3n o comunicaci\u00f3n.<\/p>\n<p><!-- \/divi:paragraph --><!-- divi:paragraph {\"translatedWithWPMLTM\":\"1\"} --><\/p>\n<p>Horitzontal Administracions S.L., no responder\u00e1 de ninguna consecuencia, da\u00f1o o perjuicio que pudieran derivarse de dicha utilizaci\u00f3n o uso de la informaci\u00f3n.<\/p>\n<p><!-- \/divi:paragraph --><!-- divi:paragraph {\"translatedWithWPMLTM\":\"1\"} --><\/p>\n<p>Tanto el acceso a esta Web como el uso que pueda hacerse de la informaci\u00f3n contenida en la misma es de la exclusiva responsabilidad de quien lo realiza.<\/p>\n<p><!-- \/divi:paragraph --><!-- divi:paragraph {\"translatedWithWPMLTM\":\"1\"} --><\/p>\n<p>El usuario se obliga a no utilizar la informaci\u00f3n que se publica en esta Web con fines o efectos il\u00edcitos o lesivos, a no da\u00f1ar o inutilizar la informaci\u00f3n y a no realizar cualquier otra acci\u00f3n que puedan ser contraria al contenido de este Aviso Legal.<\/p>\n<p><!-- \/divi:paragraph --><!-- divi:paragraph {\"translatedWithWPMLTM\":\"1\"} --><\/p>\n<p>Horitzontal Administracions S.L. no puede asegurar la inexistencia de interrupciones o errores en el acceso a este sitio Web, aunque pondr\u00e1 sus mayores esfuerzos para evitarlos.<\/p>\n<p><!-- \/divi:paragraph --><!-- divi:paragraph {\"translatedWithWPMLTM\":\"1\"} --><\/p>\n<p><strong>Enlaces a otras webs<\/strong><\/p>\n<p><!-- \/divi:paragraph --><!-- divi:paragraph {\"translatedWithWPMLTM\":\"1\"} --><\/p>\n<p>Los enlaces (links) que puede encontrar en esta Web son un servicio a los usuarios. Estas p\u00e1ginas no son operadas ni controladas por Horitzontal Administracions S.L., por ello, no se hace responsable de los contenidos de esos sitios Web ni est\u00e1n cubiertas por el presente Aviso Legal. Si accede a estas p\u00e1ginas Webs deber\u00e1 tener en cuenta que sus pol\u00edticas de privacidad pueden ser diferentes a la nuestra.<\/p>\n<p><!-- \/divi:paragraph --><!-- divi:paragraph {\"translatedWithWPMLTM\":\"1\"} --><\/p>\n<p><strong>Legislaci\u00f3n aplicable y competencia jurisdiccional<\/strong><\/p>\n<p><!-- \/divi:paragraph --><!-- divi:paragraph {\"translatedWithWPMLTM\":\"1\"} --><\/p>\n<p>El presente Aviso Legal se rige por la normativa espa\u00f1ola vigente que le es de aplicaci\u00f3n.<\/p>\n<p><!-- \/divi:paragraph --><!-- divi:paragraph {\"translatedWithWPMLTM\":\"1\"} --><\/p>\n<p>Para la resoluci\u00f3n de las controversias que pudieran derivarse como consecuencia de lo dispuesto en las presentes disposiciones y sobre su interpretaci\u00f3n, aplicaci\u00f3n y cumplimiento, el usuario, en virtud de la aceptaci\u00f3n de las condiciones recogidas en este Aviso legal, renuncia expresamente a cualquier otro fuero que pudiera corresponderle.<\/p>\n<p><!-- \/divi:paragraph --><!-- divi:paragraph {\"translatedWithWPMLTM\":\"1\"} --><\/p>\n<p>En cualquier caso, dentro de la jurisdicci\u00f3n espa\u00f1ola, si la legislaci\u00f3n permitiese someterse a un fuero en concreto, el usuario renuncia expresamente al fuero que pudiera corresponderle y se somete voluntariamente a la jurisdicci\u00f3n de los Juzgados y Tribunales de Tarragona.<\/p>\n<p><!-- \/divi:paragraph -->[\/et_pb_text][\/et_pb_column][\/et_pb_row][\/et_pb_section]<\/p>\n","protected":false},"excerpt":{"rendered":"<p><div class=\"et_pb_section et_pb_section_0 et_section_regular\" >\n\t\t\t\t\n\t\t\t\t\n\t\t\t\t\n\t\t\t\t\n\t\t\t\t\n\t\t\t\t\n\t\t\t\t\n\t\t\t\t\n\t\t\t\t\n\t\t\t<\/div><div class=\"et_pb_row et_pb_row_0 et_pb_row_empty\">\n\t\t\t\t\n\t\t\t\t\n\t\t\t\t\n\t\t\t\t\n\t\t\t\t\n\t\t\t<\/div><div class=\"et_pb_module et_pb_text et_pb_text_0  et_pb_text_align_left et_pb_bg_layout_light\">\n\t\t\t\t\n\t\t\t\t\n\t\t\t\t\n\t\t\t\t\n\t\t\t\t\n\t\t\t<\/div> Aviso Legal Identificaci\u00f3n En cumplimiento con el deber de informaci\u00f3n recogido en art\u00edculo 10 de la Ley 34\/2002, de 11 de julio, de Servicios de la Sociedad de la Informaci\u00f3n y del Comercio Electr\u00f3nico, Horitzontal Administracions S.L., le informa que los datos aqu\u00ed consignados corresponden a la entidad titular de este sitio web. Denominaci\u00f3n: [&hellip;]<\/p>\n","protected":false},"author":1,"featured_media":0,"parent":0,"menu_order":0,"comment_status":"closed","ping_status":"closed","template":"","meta":{"_et_pb_use_builder":"on","_et_pb_old_content":"<!-- wp:heading {\"translatedWithWPMLTM\":\"1\"} -->\n<h2 class=\"wp-block-heading\">Aviso Legal<\/h2>\n<!-- \/wp:heading --><!-- wp:paragraph {\"translatedWithWPMLTM\":\"1\"} -->\n<p><strong>Identificaci\u00f3n<\/strong><\/p>\n<!-- \/wp:paragraph --><!-- wp:paragraph {\"translatedWithWPMLTM\":\"1\"} -->\n<p>En cumplimiento con el deber de informaci\u00f3n recogido en art\u00edculo 10 de la Ley 34\/2002, de 11 de julio, de Servicios de la Sociedad de la Informaci\u00f3n y del Comercio Electr\u00f3nico, Horitzontal Administracions S.L., le informa que los datos aqu\u00ed consignados corresponden a la entidad titular de este sitio web.<\/p>\n<!-- \/wp:paragraph --><!-- wp:paragraph {\"translatedWithWPMLTM\":\"1\"} -->\n<p><strong>Denominaci\u00f3n<\/strong>: Horitzontal Administracions S.L.<br\/><strong>Domicilio<\/strong>: Calle Nou, 60, local 1, 43700 El Vendrell, Tarragona<br\/><strong>Tel\u00e9fono<\/strong>: <a href=\"tel:977154896\" target=\"_blank\" data-type=\"tel\" data-id=\"tel:977154896\" rel=\"noreferrer noopener\">977 15 48 96<\/a><br\/><strong>Email<\/strong>: <a href=\"mailto:adm@horitzontal-adm.com\" target=\"_blank\" rel=\"noreferrer noopener\">adm@horitzontal-adm.com<\/a><br\/><strong>CIF:<\/strong> B43827575<br\/><strong>Inscripci\u00f3n registral:<\/strong> Registro Mercantil de Tarragona, tomo 2133, folio 157, hoja T-32277 insc 1\u00aa<\/p>\n<!-- \/wp:paragraph --><!-- wp:paragraph {\"translatedWithWPMLTM\":\"1\"} -->\n<p><strong>Propiedad intelectual e industrial<\/strong><\/p>\n<!-- \/wp:paragraph --><!-- wp:paragraph {\"translatedWithWPMLTM\":\"1\"} -->\n<p>Todos los derechos de Propiedad Industrial e Intelectual de la totalidad de elementos contenidos en este sitio web, incluidas las marcas comerciales, formatos, dise\u00f1os gr\u00e1ficos, textos, im\u00e1genes y documentos, pertenecen a Horitzontal Administracions S.L. y se encuentran protegidos por las leyes espa\u00f1olas e internacionales sobre propiedad Intelectual e Industrial. Queda expresamente prohibida la reproducci\u00f3n total o parcial de este sitio Web y de cualquiera de sus contenidos sin el permiso expreso y por escrito de Horitzontal Administracions S.L.<\/p>\n<!-- \/wp:paragraph --><!-- wp:paragraph {\"translatedWithWPMLTM\":\"1\"} -->\n<p>El acceso al sitio web no implica ning\u00fan tipo de renuncia, transmisi\u00f3n, licencia o cesi\u00f3n de dichos derechos por parte de Horitzontal Administracions S.L., salvo que se establezca expresamente lo contrario.<\/p>\n<!-- \/wp:paragraph --><!-- wp:paragraph {\"translatedWithWPMLTM\":\"1\"} -->\n<p><strong>Condiciones de uso<\/strong><\/p>\n<!-- \/wp:paragraph --><!-- wp:paragraph {\"translatedWithWPMLTM\":\"1\"} -->\n<p>El acceso a este sitio Web implica la aceptaci\u00f3n de estas condiciones de uso sin reservas que regulan el acceso y la utilizaci\u00f3n del mismo con el fin de poner a disposici\u00f3n de los usuarios informaci\u00f3n sobre nuestros productos.<\/p>\n<!-- \/wp:paragraph --><!-- wp:paragraph {\"translatedWithWPMLTM\":\"1\"} -->\n<p>Se proh\u00edbe expresamente la utilizaci\u00f3n de los contenidos de este sitio Web para su utilizaci\u00f3n con fines comerciales o para su distribuci\u00f3n, transformaci\u00f3n o comunicaci\u00f3n.<\/p>\n<!-- \/wp:paragraph --><!-- wp:paragraph {\"translatedWithWPMLTM\":\"1\"} -->\n<p>Horitzontal Administracions S.L., no responder\u00e1 de ninguna consecuencia, da\u00f1o o perjuicio que pudieran derivarse de dicha utilizaci\u00f3n o uso de la informaci\u00f3n.<\/p>\n<!-- \/wp:paragraph --><!-- wp:paragraph {\"translatedWithWPMLTM\":\"1\"} -->\n<p>Tanto el acceso a esta Web como el uso que pueda hacerse de la informaci\u00f3n contenida en la misma es de la exclusiva responsabilidad de quien lo realiza.<\/p>\n<!-- \/wp:paragraph --><!-- wp:paragraph {\"translatedWithWPMLTM\":\"1\"} -->\n<p>El usuario se obliga a no utilizar la informaci\u00f3n que se publica en esta Web con fines o efectos il\u00edcitos o lesivos, a no da\u00f1ar o inutilizar la informaci\u00f3n y a no realizar cualquier otra acci\u00f3n que puedan ser contraria al contenido de este Aviso Legal.<\/p>\n<!-- \/wp:paragraph --><!-- wp:paragraph {\"translatedWithWPMLTM\":\"1\"} -->\n<p>Horitzontal Administracions S.L. no puede asegurar la inexistencia de interrupciones o errores en el acceso a este sitio Web, aunque pondr\u00e1 sus mayores esfuerzos para evitarlos.<\/p>\n<!-- \/wp:paragraph --><!-- wp:paragraph {\"translatedWithWPMLTM\":\"1\"} -->\n<p><strong>Enlaces a otras webs<\/strong><\/p>\n<!-- \/wp:paragraph --><!-- wp:paragraph {\"translatedWithWPMLTM\":\"1\"} -->\n<p>Los enlaces (links) que puede encontrar en esta Web son un servicio a los usuarios. Estas p\u00e1ginas no son operadas ni controladas por Horitzontal Administracions S.L., por ello, no se hace responsable de los contenidos de esos sitios Web ni est\u00e1n cubiertas por el presente Aviso Legal. Si accede a estas p\u00e1ginas Webs deber\u00e1 tener en cuenta que sus pol\u00edticas de privacidad pueden ser diferentes a la nuestra.<\/p>\n<!-- \/wp:paragraph --><!-- wp:paragraph {\"translatedWithWPMLTM\":\"1\"} -->\n<p><strong>Legislaci\u00f3n aplicable y competencia jurisdiccional<\/strong><\/p>\n<!-- \/wp:paragraph --><!-- wp:paragraph {\"translatedWithWPMLTM\":\"1\"} -->\n<p>El presente Aviso Legal se rige por la normativa espa\u00f1ola vigente que le es de aplicaci\u00f3n.<\/p>\n<!-- \/wp:paragraph --><!-- wp:paragraph {\"translatedWithWPMLTM\":\"1\"} -->\n<p>Para la resoluci\u00f3n de las controversias que pudieran derivarse como consecuencia de lo dispuesto en las presentes disposiciones y sobre su interpretaci\u00f3n, aplicaci\u00f3n y cumplimiento, el usuario, en virtud de la aceptaci\u00f3n de las condiciones recogidas en este Aviso legal, renuncia expresamente a cualquier otro fuero que pudiera corresponderle.<\/p>\n<!-- \/wp:paragraph --><!-- wp:paragraph {\"translatedWithWPMLTM\":\"1\"} -->\n<p>En cualquier caso, dentro de la jurisdicci\u00f3n espa\u00f1ola, si la legislaci\u00f3n permitiese someterse a un fuero en concreto, el usuario renuncia expresamente al fuero que pudiera corresponderle y se somete voluntariamente a la jurisdicci\u00f3n de los Juzgados y Tribunales de Tarragona.<\/p>\n<!-- \/wp:paragraph -->","_et_gb_content_width":"","footnotes":""},"dipi_cpt_category":[],"_links":{"self":[{"href":"https:\/\/www.horitzontal-adm.com\/es\/wp-json\/wp\/v2\/pages\/228"}],"collection":[{"href":"https:\/\/www.horitzontal-adm.com\/es\/wp-json\/wp\/v2\/pages"}],"about":[{"href":"https:\/\/www.horitzontal-adm.com\/es\/wp-json\/wp\/v2\/types\/page"}],"author":[{"embeddable":true,"href":"https:\/\/www.horitzontal-adm.com\/es\/wp-json\/wp\/v2\/users\/1"}],"replies":[{"embeddable":true,"href":"https:\/\/www.horitzontal-adm.com\/es\/wp-json\/wp\/v2\/comments?post=228"}],"version-history":[{"count":7,"href":"https:\/\/www.horitzontal-adm.com\/es\/wp-json\/wp\/v2\/pages\/228\/revisions"}],"predecessor-version":[{"id":288,"href":"https:\/\/www.horitzontal-adm.com\/es\/wp-json\/wp\/v2\/pages\/228\/revisions\/288"}],"wp:attachment":[{"href":"https:\/\/www.horitzontal-adm.com\/es\/wp-json\/wp\/v2\/media?parent=228"}],"wp:term":[{"taxonomy":"dipi_cpt_category","embeddable":true,"href":"https:\/\/www.horitzontal-adm.com\/es\/wp-json\/wp\/v2\/dipi_cpt_category?post=228"}],"curies":[{"name":"wp","href":"https:\/\/api.w.org\/{rel}","templated":true}]}}