{"id":213,"date":"2023-04-26T09:16:43","date_gmt":"2023-04-26T09:16:43","guid":{"rendered":"https:\/\/horitzontal.dms3labs.cat\/servicios\/"},"modified":"2023-05-12T09:27:06","modified_gmt":"2023-05-12T09:27:06","slug":"servicios","status":"publish","type":"page","link":"https:\/\/www.horitzontal-adm.com\/es\/servicios\/","title":{"rendered":"Servicios"},"content":{"rendered":"<p>[et_pb_section fb_built=\u00bb1&#8243; _builder_version=\u00bb4.20.4&#8243; _module_preset=\u00bb3da770b3-0a3a-4bda-a3f2-d18084483c4d\u00bb background_color=\u00bbRGBA(255,255,255,0)\u00bb custom_margin=\u00bb0px|0px|0px|0px|false|false\u00bb custom_padding=\u00bb0px|0px|0px|0px|false|false\u00bb global_colors_info=\u00bb{}\u00bb][\/et_pb_section][et_pb_section fb_built=\u00bb1&#8243; custom_padding_last_edited=\u00bbon|phone\u00bb _builder_version=\u00bb4.20.4&#8243; _module_preset=\u00bb3da770b3-0a3a-4bda-a3f2-d18084483c4d\u00bb background_color=\u00bbRGBA(255,255,255,0)\u00bb custom_padding_tablet=\u00bb\u00bb custom_padding_phone=\u00bb0px||0px||false|false\u00bb global_colors_info=\u00bb{}\u00bb][et_pb_row _builder_version=\u00bb4.20.4&#8243; _module_preset=\u00bbdefault\u00bb custom_padding=\u00bb|||0px|false|false\u00bb global_colors_info=\u00bb{}\u00bb][et_pb_column type=\u00bb4_4&#8243; _builder_version=\u00bb4.20.2&#8243; _module_preset=\u00bbdefault\u00bb global_colors_info=\u00bb{}\u00bb][et_pb_cta title=\u00bbNuestros servicios\u00bb _builder_version=\u00bb4.20.4&#8243; _module_preset=\u00bb92d75960-199c-48dd-93a2-f573e36d7a72&#8243; header_level=\u00bbh1&#8243; hover_enabled=\u00bb0&#8243; global_colors_info=\u00bb{}\u00bb body_line_height=\u00bb1.4em\u00bb sticky_enabled=\u00bb0&#8243;]<\/p>\n<p><span style=\"font-weight: 400;\">Nos hacemos cargo de todos los aspectos relacionados con la gesti\u00f3n y mantenimiento de las propiedades, desde la gesti\u00f3n de pagos y cobros hasta el mantenimiento y reparaci\u00f3n de las instalaciones y servicios comunes. Nuestro equipo de profesionales, altamente capacitados y experimentados, est\u00e1 comprometido en proporcionar un servicio personalizado y eficiente, adaptado a las necesidades de cada cliente.<\/span><span style=\"font-weight: 400;\"><br \/><\/span><\/p>\n<p>[\/et_pb_cta][\/et_pb_column][\/et_pb_row][\/et_pb_section][et_pb_section fb_built=\u00bb1&#8243; module_id=\u00bbdiseno\u00bb _builder_version=\u00bb4.20.4&#8243; _module_preset=\u00bb3da770b3-0a3a-4bda-a3f2-d18084483c4d\u00bb background_color=\u00bbRGBA(255,255,255,0)\u00bb global_colors_info=\u00bb{}\u00bb][et_pb_row column_structure=\u00bb1_2,1_2&#8243; _builder_version=\u00bb4.20.2&#8243; _module_preset=\u00bb2fd0b167-26af-4845-9e2c-16a754f41f17&#8243; global_colors_info=\u00bb{}\u00bb][et_pb_column type=\u00bb1_2&#8243; _builder_version=\u00bb4.20.2&#8243; _module_preset=\u00bbdefault\u00bb global_colors_info=\u00bb{}\u00bb][et_pb_text _builder_version=\u00bb4.20.4&#8243; _module_preset=\u00bbd11ae6bd-1b12-40d7-90a6-5cfebd608b1a\u00bb custom_margin=\u00bb||14px||false|false\u00bb global_colors_info=\u00bb{}\u00bb]<\/p>\n<h2>Gesti\u00f3n integral de comunidades<\/h2>\n<p>[\/et_pb_text][\/et_pb_column][et_pb_column type=\u00bb1_2&#8243; _builder_version=\u00bb4.20.2&#8243; _module_preset=\u00bbdefault\u00bb global_colors_info=\u00bb{}\u00bb][et_pb_text _builder_version=\u00bb4.20.4&#8243; _module_preset=\u00bbdefault\u00bb text_font=\u00bb||||||||\u00bb hover_enabled=\u00bb0&#8243; global_colors_info=\u00bb{}\u00bb text_line_height=\u00bb1.4em\u00bb sticky_enabled=\u00bb0&#8243;]<\/p>\n<p>Asesoramiento en cuestiones legales y fiscales, organizaci\u00f3n y gesti\u00f3n de juntas y reuniones de propietarios, la elaboraci\u00f3n de presupuestos y la supervisi\u00f3n de obras y reparaciones.<\/p>\n<p>[\/et_pb_text][et_pb_button button_url=\u00bb@ET-DC@eyJkeW5hbWljIjp0cnVlLCJjb250ZW50IjoicG9zdF9saW5rX3VybF9wYWdlIiwic2V0dGluZ3MiOnsicG9zdF9pZCI6IjQyIn19@\u00bb button_text=\u00bbVer m\u00e1s\u00bb _builder_version=\u00bb4.20.4&#8243; _dynamic_attributes=\u00bbbutton_url\u00bb _module_preset=\u00bbdefault\u00bb global_colors_info=\u00bb{}\u00bb][\/et_pb_button][\/et_pb_column][\/et_pb_row][et_pb_row column_structure=\u00bb1_2,1_2&#8243; module_id=\u00bbregistro\u00bb _builder_version=\u00bb4.20.2&#8243; _module_preset=\u00bb2fd0b167-26af-4845-9e2c-16a754f41f17&#8243; global_colors_info=\u00bb{}\u00bb][et_pb_column type=\u00bb1_2&#8243; _builder_version=\u00bb4.20.2&#8243; _module_preset=\u00bbdefault\u00bb global_colors_info=\u00bb{}\u00bb][et_pb_text _builder_version=\u00bb4.20.4&#8243; _module_preset=\u00bbd11ae6bd-1b12-40d7-90a6-5cfebd608b1a\u00bb global_colors_info=\u00bb{}\u00bb]<\/p>\n<h2><span style=\"font-weight: 400;\">Soluciones legales y fiscales en Propiedades<\/span><\/h2>\n<p>[\/et_pb_text][\/et_pb_column][et_pb_column type=\u00bb1_2&#8243; _builder_version=\u00bb4.20.2&#8243; _module_preset=\u00bbdefault\u00bb global_colors_info=\u00bb{}\u00bb][et_pb_text _builder_version=\u00bb4.20.4&#8243; _module_preset=\u00bbdefault\u00bb text_font=\u00bb||||||||\u00bb global_colors_info=\u00bb{}\u00bb text_line_height=\u00bb1.4em\u00bb]Asesoramiento Inmobiliario Personalizado: Ofrecemos un servicio integral en gesti\u00f3n de fincas, proporcionando asesoramiento en cuestiones legales, fiscales y administrativas para optimizar y proteger tu patrimonio inmobiliario. Nuestro equipo de expertos garantiza una gesti\u00f3n eficiente y transparente, incluyendo la gesti\u00f3n de comunidades de propietarios, asesoramiento legal y fiscal, consultor\u00eda en seguros y valoraciones inmobiliarias. Trabajamos para proporcionar soluciones personalizadas que satisfagan las necesidades espec\u00edficas de cada cliente, logrando la m\u00e1xima eficiencia y rentabilidad de tu patrimonio.[\/et_pb_text][\/et_pb_column][\/et_pb_row][et_pb_row column_structure=\u00bb1_2,1_2&#8243; module_id=\u00bbasesoramiento-tecnico\u00bb _builder_version=\u00bb4.20.2&#8243; _module_preset=\u00bb2fd0b167-26af-4845-9e2c-16a754f41f17&#8243; global_colors_info=\u00bb{}\u00bb][et_pb_column type=\u00bb1_2&#8243; _builder_version=\u00bb4.20.2&#8243; _module_preset=\u00bbdefault\u00bb global_colors_info=\u00bb{}\u00bb][et_pb_text _builder_version=\u00bb4.20.4&#8243; _module_preset=\u00bbd11ae6bd-1b12-40d7-90a6-5cfebd608b1a\u00bb global_colors_info=\u00bb{}\u00bb]<\/p>\n<h2>Estrategias de Rendimiento Inmobiliario<\/h2>\n<p>[\/et_pb_text][\/et_pb_column][et_pb_column type=\u00bb1_2&#8243; _builder_version=\u00bb4.20.2&#8243; _module_preset=\u00bbdefault\u00bb global_colors_info=\u00bb{}\u00bb][et_pb_text _builder_version=\u00bb4.20.4&#8243; _module_preset=\u00bbdefault\u00bb global_colors_info=\u00bb{}\u00bb text_font=\u00bb||||||||\u00bb text_line_height=\u00bb1.4em\u00bb]<\/p>\n<p>Ofrecemos un servicio especializado en optimizaci\u00f3n de la inversi\u00f3n inmobiliaria, analizando las oportunidades del mercado e identificando las mejores opciones para maximizar la rentabilidad de tu patrimonio. Nuestro equipo de expertos trabaja contigo para comprender tus necesidades financieras y de inversi\u00f3n, investigando y seleccionando propiedades con potencial de crecimiento e ingresos estables. Con nuestra experiencia y conocimientos del mercado inmobiliario, te ayudamos a tomar decisiones informadas y a conseguir tus objetivos financieros.<\/p>\n<p>[\/et_pb_text][\/et_pb_column][\/et_pb_row][\/et_pb_section][et_pb_section fb_built=\u00bb1&#8243; _builder_version=\u00bb4.20.4&#8243; _module_preset=\u00bbdefault\u00bb background_image=\u00bbhttps:\/\/www.horitzontal-adm.com\/wp-content\/uploads\/2023\/05\/Horitzontal-Administracio-Gestio-de-Finques-1.jpg\u00bb min_height=\u00bb30vh\u00bb locked=\u00bboff\u00bb global_colors_info=\u00bb{}\u00bb][et_pb_row _builder_version=\u00bb4.20.4&#8243; _module_preset=\u00bbdefault\u00bb global_colors_info=\u00bb{}\u00bb][et_pb_column type=\u00bb4_4&#8243; _builder_version=\u00bb4.20.4&#8243; _module_preset=\u00bbdefault\u00bb global_colors_info=\u00bb{}\u00bb][\/et_pb_column][\/et_pb_row][\/et_pb_section]<\/p>\n","protected":false},"excerpt":{"rendered":"<p>Nos hacemos cargo de todos los aspectos relacionados con la gesti\u00f3n y mantenimiento de las propiedades, desde la gesti\u00f3n de pagos y cobros hasta el mantenimiento y reparaci\u00f3n de las instalaciones y servicios comunes. Nuestro equipo de profesionales, altamente capacitados y experimentados, est\u00e1 comprometido en proporcionar un servicio personalizado y eficiente, adaptado a las necesidades [&hellip;]<\/p>\n","protected":false},"author":1,"featured_media":0,"parent":0,"menu_order":0,"comment_status":"closed","ping_status":"closed","template":"","meta":{"_et_pb_use_builder":"on","_et_pb_old_content":"","_et_gb_content_width":"","footnotes":""},"dipi_cpt_category":[],"_links":{"self":[{"href":"https:\/\/www.horitzontal-adm.com\/es\/wp-json\/wp\/v2\/pages\/213"}],"collection":[{"href":"https:\/\/www.horitzontal-adm.com\/es\/wp-json\/wp\/v2\/pages"}],"about":[{"href":"https:\/\/www.horitzontal-adm.com\/es\/wp-json\/wp\/v2\/types\/page"}],"author":[{"embeddable":true,"href":"https:\/\/www.horitzontal-adm.com\/es\/wp-json\/wp\/v2\/users\/1"}],"replies":[{"embeddable":true,"href":"https:\/\/www.horitzontal-adm.com\/es\/wp-json\/wp\/v2\/comments?post=213"}],"version-history":[{"count":3,"href":"https:\/\/www.horitzontal-adm.com\/es\/wp-json\/wp\/v2\/pages\/213\/revisions"}],"predecessor-version":[{"id":345,"href":"https:\/\/www.horitzontal-adm.com\/es\/wp-json\/wp\/v2\/pages\/213\/revisions\/345"}],"wp:attachment":[{"href":"https:\/\/www.horitzontal-adm.com\/es\/wp-json\/wp\/v2\/media?parent=213"}],"wp:term":[{"taxonomy":"dipi_cpt_category","embeddable":true,"href":"https:\/\/www.horitzontal-adm.com\/es\/wp-json\/wp\/v2\/dipi_cpt_category?post=213"}],"curies":[{"name":"wp","href":"https:\/\/api.w.org\/{rel}","templated":true}]}}