{"id":210,"date":"2023-04-26T09:16:43","date_gmt":"2023-04-26T09:16:43","guid":{"rendered":"https:\/\/horitzontal.dms3labs.cat\/quienes-somos\/"},"modified":"2023-05-12T09:26:56","modified_gmt":"2023-05-12T09:26:56","slug":"quienes-somos","status":"publish","type":"page","link":"https:\/\/www.horitzontal-adm.com\/es\/quienes-somos\/","title":{"rendered":"Qui\u00e9nes somos"},"content":{"rendered":"<p>[et_pb_section fb_built=\u00bb1&#8243; _builder_version=\u00bb4.20.4&#8243; _module_preset=\u00bbb6926cf1-2b8b-44bf-8185-20004192a0fb\u00bb background_color=\u00bbRGBA(255,255,255,0)\u00bb custom_margin=\u00bb-8px||||false|false\u00bb custom_padding=\u00bb||||false|false\u00bb hover_enabled=\u00bb0&#8243; global_colors_info=\u00bb{}\u00bb sticky_enabled=\u00bb0&#8243;][et_pb_row make_equal=\u00bbon\u00bb _builder_version=\u00bb4.20.4&#8243; _module_preset=\u00bbdefault\u00bb position_origin_a=\u00bbcenter_center\u00bb position_origin_a_tablet=\u00bbcenter_center\u00bb position_origin_a_phone=\u00bbcenter_center\u00bb position_origin_a_last_edited=\u00bboff|phone\u00bb position_origin_f_last_edited=\u00bboff|phone\u00bb position_origin_r_last_edited=\u00bboff|phone\u00bb custom_margin=\u00bb-1px|auto||auto||\u00bb custom_padding=\u00bb||0px|||\u00bb positioning_tablet=\u00bbabsolute\u00bb positioning_phone=\u00bbabsolute\u00bb positioning_last_edited=\u00bboff|phone\u00bb custom_css_main_element=\u00bbalign-items:Center\u00bb global_colors_info=\u00bb{}\u00bb][et_pb_column type=\u00bb4_4&#8243; _builder_version=\u00bb4.20.2&#8243; _module_preset=\u00bbdefault\u00bb global_colors_info=\u00bb{}\u00bb][et_pb_cta title=\u00bbEspecialistas en la gesti\u00f3n y administraci\u00f3n de propiedades inmobiliarias\u00bb button_url=\u00bb#\u00bb _builder_version=\u00bb4.20.4&#8243; _module_preset=\u00bb92d75960-199c-48dd-93a2-f573e36d7a72&#8243; header_level=\u00bbh1&#8243; global_colors_info=\u00bb{}\u00bb custom_padding=\u00bb|0px|0px|0px|false|false\u00bb][\/et_pb_cta][\/et_pb_column][\/et_pb_row][\/et_pb_section][et_pb_section fb_built=\u00bb1&#8243; _builder_version=\u00bb4.20.2&#8243; _module_preset=\u00bbb6926cf1-2b8b-44bf-8185-20004192a0fb\u00bb global_colors_info=\u00bb{}\u00bb][et_pb_row column_structure=\u00bb1_2,1_2&#8243; _builder_version=\u00bb4.20.4&#8243; _module_preset=\u00bbdefault\u00bb global_colors_info=\u00bb{}\u00bb][et_pb_column type=\u00bb1_2&#8243; _builder_version=\u00bb4.20.2&#8243; _module_preset=\u00bbdefault\u00bb global_colors_info=\u00bb{}\u00bb][et_pb_cta title=\u00bbAtenci\u00f3n personalizada para cada finca.\u00bb button_url=\u00bb@ET-DC@eyJkeW5hbWljIjp0cnVlLCJjb250ZW50IjoicG9zdF9saW5rX3VybF9wYWdlIiwic2V0dGluZ3MiOnsicG9zdF9pZCI6IjQyIn19@\u00bb button_text=\u00bbGesti\u00f3n de comunidades\u00bb _builder_version=\u00bb4.20.4&#8243; _dynamic_attributes=\u00bbbutton_url\u00bb _module_preset=\u00bbdefault\u00bb text_orientation=\u00bbleft\u00bb custom_padding=\u00bb|||0px|false|false\u00bb global_colors_info=\u00bb{}\u00bb]<\/p>\n<p><span style=\"font-weight: 400;\">Somos especialistas en la gesti\u00f3n y administraci\u00f3n de propiedades inmobiliarias y ofrecemos una amplia gama de servicios para propietarios de inmuebles, comunidades de vecinos y propietarios individuales.<\/span><\/p>\n<p>[\/et_pb_cta][\/et_pb_column][et_pb_column type=\u00bb1_2&#8243; _builder_version=\u00bb4.20.2&#8243; _module_preset=\u00bbdefault\u00bb global_colors_info=\u00bb{}\u00bb][et_pb_image src=\u00bbhttps:\/\/www.horitzontal-adm.com\/wp-content\/uploads\/2023\/04\/Servei-de-gestio-immobiliaria.jpg\u00bb title_text=\u00bbServicio de gestion inmobiliaria\u00bb _builder_version=\u00bb4.20.4&#8243; _module_preset=\u00bbdefault\u00bb global_colors_info=\u00bb{}\u00bb][\/et_pb_image][\/et_pb_column][\/et_pb_row][\/et_pb_section][et_pb_section fb_built=\u00bb1&#8243; _builder_version=\u00bb4.20.2&#8243; _module_preset=\u00bbb6926cf1-2b8b-44bf-8185-20004192a0fb\u00bb min_height=\u00bb346.6px\u00bb global_colors_info=\u00bb{}\u00bb][et_pb_row _builder_version=\u00bb4.20.4&#8243; _module_preset=\u00bbf5f76def-7aa7-4548-b7d3-cc8fe7bddcc1&#8243; global_colors_info=\u00bb{}\u00bb][et_pb_column type=\u00bb4_4&#8243; _builder_version=\u00bb4.20.2&#8243; _module_preset=\u00bbdefault\u00bb global_colors_info=\u00bb{}\u00bb][et_pb_cta title=\u00bbNuestros valores\u00bb _builder_version=\u00bb4.20.4&#8243; _module_preset=\u00bbdefault\u00bb background_layout=\u00bbdark\u00bb global_colors_info=\u00bb{}\u00bb]<\/p>\n<h2><\/h2>\n<p>En nuestra administraci\u00f3n de fincas, la transparencia, la \u00e9tica y la eficiencia son valores fundamentales que gu\u00edan nuestra forma de trabajar.<\/p>\n<p>[\/et_pb_cta][\/et_pb_column][\/et_pb_row][\/et_pb_section][et_pb_section fb_built=\u00bb1&#8243; _builder_version=\u00bb4.20.2&#8243; _module_preset=\u00bbb6926cf1-2b8b-44bf-8185-20004192a0fb\u00bb global_colors_info=\u00bb{}\u00bb][et_pb_row column_structure=\u00bb1_2,1_2&#8243; _builder_version=\u00bb4.20.4&#8243; _module_preset=\u00bbdefault\u00bb global_colors_info=\u00bb{}\u00bb][et_pb_column type=\u00bb1_2&#8243; module_class=\u00bbcolumna-qui-som\u00bb _builder_version=\u00bb4.20.4&#8243; _module_preset=\u00bbdefault\u00bb background_color=\u00bb#D8D8D8&#8243; global_colors_info=\u00bb{}\u00bb][et_pb_cta title=\u00bbExperiencia y profesionalidad\u00bb button_url=\u00bb@ET-DC@eyJkeW5hbWljIjp0cnVlLCJjb250ZW50IjoicG9zdF9saW5rX3VybF9wYWdlIiwic2V0dGluZ3MiOnsicG9zdF9pZCI6IjYzIn19@\u00bb module_class=\u00bbcta-sobre-mi\u00bb _builder_version=\u00bb4.20.4&#8243; _dynamic_attributes=\u00bbbutton_url\u00bb _module_preset=\u00bb5f8f93e2-aad6-49ca-9dca-18ce8e04d13b\u00bb global_colors_info=\u00bb{}\u00bb]<\/p>\n<p><span style=\"font-weight: 400;\">Horizontal Administracions S.L. se constituye como sociedad el 10 de noviembre de 2005 bajo n\u00famero de protocolo 3621, constante inscrita en el Registro Mercantil de Tarragona desde el 21 de noviembre de 2005, tomo 2133 de la secci\u00f3n de sociedades, folio 157, hoja T-32277 e inscripci\u00f3n primera.<\/span><\/p>\n<p><span style=\"font-weight: 400;\">Nuestra actividad principal comprende la administraci\u00f3n de fincas y\/o comunidades de propietarios, as\u00ed como la gesti\u00f3n de patrimonios, tal como se describe en el art\u00edculo n\u00ba2 de los Estatutos de su sociedad.<\/span><\/p>\n<p><span style=\"font-weight: 400;\">Desde principios del 2006 ejercemos estas tareas en la localidad de El Vendrell, con m\u00e1s de cien inmuebles que ya conf\u00edan en nuestra profesionalidad.<\/span><\/p>\n<p>[\/et_pb_cta][\/et_pb_column][et_pb_column type=\u00bb1_2&#8243; module_class=\u00bbcolumna-qui-som\u00bb _builder_version=\u00bb4.20.4&#8243; _module_preset=\u00bbdefault\u00bb global_colors_info=\u00bb{}\u00bb][et_pb_cta title=\u00bbNuestras garant\u00edas\u00bb button_url=\u00bb@ET-DC@eyJkeW5hbWljIjp0cnVlLCJjb250ZW50IjoicG9zdF9saW5rX3VybF9wYWdlIiwic2V0dGluZ3MiOnsicG9zdF9pZCI6IjYzIn19@\u00bb module_class=\u00bbcta-sobre-mi\u00bb _builder_version=\u00bb4.20.4&#8243; _dynamic_attributes=\u00bbbutton_url\u00bb _module_preset=\u00bb5f8f93e2-aad6-49ca-9dca-18ce8e04d13b\u00bb global_colors_info=\u00bb{}\u00bb]<\/p>\n<p><span style=\"font-weight: 400;\">A trav\u00e9s del Colegio de Administradores de Fincas de Tarragona, tenemos concertado un seguro de responsabilidad civil ante cualquier omisi\u00f3n o negligencia, todo esto con el fin de garantizar la tranquilidad de nuestros clientes.<\/span><\/p>\n<p>[\/et_pb_cta][et_pb_cta title=\u00bbLos campos de actuaci\u00f3n\u00bb button_url=\u00bb@ET-DC@eyJkeW5hbWljIjp0cnVlLCJjb250ZW50IjoicG9zdF9saW5rX3VybF9wYWdlIiwic2V0dGluZ3MiOnsicG9zdF9pZCI6IjYzIn19@\u00bb module_class=\u00bbcta-sobre-mi\u00bb _builder_version=\u00bb4.20.4&#8243; _dynamic_attributes=\u00bbbutton_url\u00bb _module_preset=\u00bb5f8f93e2-aad6-49ca-9dca-18ce8e04d13b\u00bb global_colors_info=\u00bb{}\u00bb]<\/p>\n<p><span style=\"font-weight: 400;\">Nuestro campo de actuaci\u00f3n comprende todo el sector inmobiliario, desde inmuebles r\u00fasticos o urbanos, en r\u00e9gimen de explotaci\u00f3n directa, arrendamiento, propiedad horizontal o cualquier otra; hasta la administraci\u00f3n de cooperativas de viviendas y comunidades de propietarios, centros comerciales, campos y puertos deportivos, urbanizaciones con servicios, instalaciones y anexos comunes; entidades colaboradoras de la gesti\u00f3n urban\u00edstica y, en general, todos los cometidos que tengan relaci\u00f3n con la administraci\u00f3n de bienes inmuebles.<\/span><span style=\"font-weight: 400;\"><br \/><\/span><\/p>\n<p>[\/et_pb_cta][\/et_pb_column][\/et_pb_row][\/et_pb_section][et_pb_section fb_built=\u00bb1&#8243; _builder_version=\u00bb4.20.4&#8243; _module_preset=\u00bbdefault\u00bb background_image=\u00bbhttps:\/\/www.horitzontal-adm.com\/wp-content\/uploads\/2023\/05\/Horitzontal-Administracio-Gestio-de-Finques-2.jpg\u00bb min_height=\u00bb30vh\u00bb locked=\u00bboff\u00bb global_colors_info=\u00bb{}\u00bb][et_pb_row _builder_version=\u00bb4.20.4&#8243; _module_preset=\u00bbdefault\u00bb global_colors_info=\u00bb{}\u00bb][et_pb_column type=\u00bb4_4&#8243; _builder_version=\u00bb4.20.4&#8243; _module_preset=\u00bbdefault\u00bb global_colors_info=\u00bb{}\u00bb][\/et_pb_column][\/et_pb_row][\/et_pb_section]<\/p>\n","protected":false},"excerpt":{"rendered":"<p>Somos especialistas en la gesti\u00f3n y administraci\u00f3n de propiedades inmobiliarias y ofrecemos una amplia gama de servicios para propietarios de inmuebles, comunidades de vecinos y propietarios individuales. En nuestra administraci\u00f3n de fincas, la transparencia, la \u00e9tica y la eficiencia son valores fundamentales que gu\u00edan nuestra forma de trabajar.Horizontal Administracions S.L. se constituye como sociedad el [&hellip;]<\/p>\n","protected":false},"author":1,"featured_media":0,"parent":0,"menu_order":0,"comment_status":"closed","ping_status":"closed","template":"","meta":{"_et_pb_use_builder":"on","_et_pb_old_content":"","_et_gb_content_width":"","footnotes":""},"dipi_cpt_category":[],"_links":{"self":[{"href":"https:\/\/www.horitzontal-adm.com\/es\/wp-json\/wp\/v2\/pages\/210"}],"collection":[{"href":"https:\/\/www.horitzontal-adm.com\/es\/wp-json\/wp\/v2\/pages"}],"about":[{"href":"https:\/\/www.horitzontal-adm.com\/es\/wp-json\/wp\/v2\/types\/page"}],"author":[{"embeddable":true,"href":"https:\/\/www.horitzontal-adm.com\/es\/wp-json\/wp\/v2\/users\/1"}],"replies":[{"embeddable":true,"href":"https:\/\/www.horitzontal-adm.com\/es\/wp-json\/wp\/v2\/comments?post=210"}],"version-history":[{"count":3,"href":"https:\/\/www.horitzontal-adm.com\/es\/wp-json\/wp\/v2\/pages\/210\/revisions"}],"predecessor-version":[{"id":343,"href":"https:\/\/www.horitzontal-adm.com\/es\/wp-json\/wp\/v2\/pages\/210\/revisions\/343"}],"wp:attachment":[{"href":"https:\/\/www.horitzontal-adm.com\/es\/wp-json\/wp\/v2\/media?parent=210"}],"wp:term":[{"taxonomy":"dipi_cpt_category","embeddable":true,"href":"https:\/\/www.horitzontal-adm.com\/es\/wp-json\/wp\/v2\/dipi_cpt_category?post=210"}],"curies":[{"name":"wp","href":"https:\/\/api.w.org\/{rel}","templated":true}]}}